{"id":6,"date":"2014-11-02T20:42:17","date_gmt":"2014-11-02T20:42:17","guid":{"rendered":"http:\/\/monika-reinhart.de\/?page_id=6"},"modified":"2024-07-07T16:47:26","modified_gmt":"2024-07-07T16:47:26","slug":"ausstellungen","status":"publish","type":"page","link":"https:\/\/monika-reinhart.de\/?page_id=6","title":{"rendered":"ausstellungen"},"content":{"rendered":"<div>\n<div>\n<div><strong>Overlaps<\/strong><\/div>\n<div>Monika Reinhart, Malerei<\/div>\n<div>21. Januar bis 9. M\u00e4rz 2024<\/div>\n<div>Galerie auf Abruf Helker Pflug<\/div>\n<\/div>\n<div>\n<div>Alt-Lankwitz 34a I 12247 Berlin-Lankwitz<\/div>\n<div>helker.pflug@web.de I 0175 &#8211; 7930884<\/div>\n<\/div>\n<\/div>\n<div>&nbsp;<\/div>\n<div>&nbsp;<\/div>\n<div>\n<div>\n<div>\n<div>\n<div>\n<div>\n<div>\n<div>\n<div>\n<div>\n<div><strong>42. Round Table Kunstauktion<br \/>\n<\/strong><\/div>\n<div>Mittwoch, 07. November 2023<\/div>\n<div>Kohlebunker, Am Ausbesserungswerk 4, 80939 M\u00fcnchen<\/div>\n<\/div>\n<div>&nbsp;<\/div>\n<div>&nbsp;<\/div>\n<div><strong>ARTMUC 2023<\/strong><\/div>\n<div>27. bis 29. Oktober 2023<\/div>\n<div>MTC Locations, Ingolst\u00e4dterstr. 45, M\u00fcnchen&nbsp;&nbsp;<\/div>\n<\/div>\n<div>\n<div>&nbsp;<\/div>\n<\/div>\n<\/div>\n<div>&nbsp;<\/div>\n<div><strong>sichtbar &#8211; unsichtbar<\/strong><\/div>\n<div><strong>Nicole Frenzel<\/strong> Skulptur,&nbsp; <strong>Anne Guillin<\/strong> Fotografie,&nbsp; <strong>Monika Reinhart<\/strong> Malerei<\/div>\n<div>17. Juni &#8211; 2. Juli 2023<\/div>\n<div><a href=\"http:\/\/www.kulturwerkstatthaus10.de\/\">Kulturwerkstatt HAUS 10<\/a><\/div>\n<div>Kloster F\u00fcrstenfeld<\/div>\n<div>\n<div>&nbsp;<\/div>\n<\/div>\n<div>&nbsp;<\/div>\n<\/div>\n<div>\n<div>\n<div>\n<div>\n<div>\n<div>\n<div class=\"\"><b>KUNST AKTUELL 2023 \u2013 Jahresausstellung<\/b><\/div>\n<div class=\"\">St\u00e4dtische Galerie Rosenheim<\/div>\n<div>7. Mai &#8211; 11. Juni 2023<\/div>\n<div>Vernissage: Samstag, 6. Mai,&nbsp; 18 Uhr<\/div>\n<\/div>\n<div>St\u00e4dtische Galerie Rosenheim, Max-Bram-Platz 2<\/div>\n<\/div>\n<div>&nbsp;<\/div>\n<\/div>\n<div>&nbsp;<\/div>\n<div class=\"\"><b>SHADES OF COLOR<br \/>\n<\/b><\/div>\n<div class=\"\">Allianz AG, Unterf\u00f6hring<\/div>\n<div class=\"\">19. Mai &#8211; 30. Oktober 2022<\/div>\n<\/div>\n<div>&nbsp;<\/div>\n<div class=\"\"><b>streitfeld offen <\/b><\/div>\n<div class=\"\">25. und 26. Juni 2022<\/div>\n<div class=\"\"><a href=\"http:\/\/streitfeld-offen.net\/\"><b>streitfeld.net<\/b><\/a><\/div>\n<\/div>\n<div>\n<div>&nbsp;<\/div>\n<div class=\"\"><b>KUNST AKTUELL \u2013 Jahresausstellung<\/b><\/div>\n<div class=\"\">St\u00e4dtische Galerie Rosenheim<\/div>\n<div class=\"\">22. Mai &#8211; 3. Juli 2022<\/div>\n<p><a href=\"http:\/\/kunstverein-rosenheim.de\/wp-content\/uploads\/2022\/05\/Einladungskarte.pdf\">Einladungskarte&nbsp;&nbsp;<\/a> &nbsp;&nbsp; <a href=\"http:\/\/kunstverein-rosenheim.de\/?p=5210\">Ausstellung<\/a><\/p>\n<\/div>\n<\/div>\n<div>\n<div>\n<div>\n<div>\n<div><strong>ARTMUC 2021<\/strong><\/div>\n<div>14. bis 17. Oktober 2021<\/div>\n<div>Praterinsel und Isarforum, M\u00fcnchen&nbsp;&nbsp;<\/div>\n<div><strong>Stand F6 Praterinsel &#8211; F\u00fcllhalle, Galerie Clemens B\u00fcntig Editionen<\/strong><\/div>\n<div>mit Anne Guillin, Fotografie und Clemens B\u00fcntig, Druck<\/div>\n<\/div>\n<div>\n<div><a href=\"https:\/\/www.artmuc.info\">https:\/\/www.artmuc.info<\/a><\/div>\n<\/div>\n<\/div>\n<div>&nbsp;<\/div>\n<\/div>\n<div><strong>Round Table Kunstauktion 2021<\/strong><\/div>\n<div>Mittwoch, 06. Oktober 2021 ab 18 Uhr<\/div>\n<div><span class=\"d2edcug0 hpfvmrgz qv66sw1b c1et5uql lr9zc1uh a8c37x1j keod5gw0 nxhoafnm aigsh9s9 d3f4x2em fe6kdd0r mau55g9w c8b282yb iv3no6db jq4qci2q a3bd9o3v b1v8xokw oo9gr5id hzawbc8m\" dir=\"auto\">Freiheizhalle M\u00fcnchen, Rainer-Werner-Fassbinder-Platz 1, 80636 M\u00fcnchen<\/span><\/div>\n<p><a href=\"https:\/\/www.facebook.com\/RoundTable13Muenchen\/posts\/4460068807348736\">https:\/\/www.facebook.com\/RoundTable13Muenchen\/posts\/4460068807348736<\/a><\/p>\n<div>\n<div><strong>streitfeld offen digital 2021<\/strong><\/div>\n<div>24. September bis 03. Oktober 2021<\/div>\n<p><a href=\"https:\/\/www.streitfeld-offen.net\/\">https:\/\/www.streitfeld-offen.net\/<\/a><\/p>\n<\/div>\n<\/div>\n<div>&nbsp;<\/div>\n<div class=\"\"><strong><a href=\"https:\/\/www.inc-artfair.info\/\">INC corporating art fair Hamburg<\/a><\/strong><\/div>\n<div class=\"\">26.08. &#8211; 29.08.2021<\/div>\n<div>Oberhafencity Hamburg<\/div>\n<div>Halle 2, Stand 29<\/div>\n<div><b>Vernissage: <\/b>Donnerstag, 26.08.2021, 19:30 &#8211; 22:30 Uhr<\/div>\n<\/div>\n<\/div>\n<div>&nbsp;<\/div>\n<div>&nbsp;<\/div>\n<div>&nbsp;<\/div>\n<div class=\"\"><b>KUNST AKTUELL \u2013 Jahresausstellung<\/b><\/div>\n<div class=\"\">St\u00e4dtische Galerie Rosenheim<\/div>\n<div class=\"\">04.07.2021 &#8211; 08.08.2021<\/div>\n<div class=\"\"><b>Vernissage: Samstag, 03.07.2021, 18 Uhr<\/b><\/div>\n<p>Kunstverein Rosenheim<\/p>\n<p><strong>Projektraum streitfeld<\/strong><br \/>\n<strong>ARTSALON2020<\/strong><br \/>\nK\u00fcnstlerInnen des streitfeld Atelierhauses und G\u00e4ste<br \/>\n24. &#8211; 27. September 2020<br \/>\nGenuis Loci e.G.<br \/>\nProjektraum, Streitfeldstr. 33, 81673 M\u00fcnchen&nbsp;<\/p>\n<p><strong>Liebenweinturm Burghausen<\/strong><br \/>\n<strong>AUGENMA\u00df<\/strong><br \/>\nNicole Frenzel, Anne Guillin, Monika Reinhart<br \/>\n13. September &#8211; 06. Oktober 2019<br \/>\nK\u00fcnstlergruppe DIE BURG<br \/>\nLiebenweinturm, Burg 18, 84489 Burghausen<br \/>\nrfo-Fernsehbeitrag zur Ausstellung:<br \/>\n<a href=\"https:\/\/www.rfo.de\/mediathek\/video\/mit-augenmass-arbeiten-in-burghausen\/\">https:\/\/www.rfo.de\/mediathek\/video\/mit-augenmass-arbeiten-in-burghausen\/<\/a>&nbsp;<\/p>\n<div>\n<p><strong>ARTMUC 2019<br \/>\nKunstmesse M\u00fcnchen<\/strong><br \/>\n01. &#8211; 04. Mai 2019 Praterinsel und Isarforum am Deutschen Museum<\/p>\n<\/div>\n<\/div>\n<div>&nbsp;<\/div>\n<div><strong>streitfeld 13I19<br \/>\n<\/strong><\/div>\n<div>offene Ateliers am Sonntag, 28. Oktober 2018 von 13 &#8211; 19 Uhr<\/div>\n<div>&nbsp;<\/div>\n<div><a href=\"http:\/\/monika-reinhart.de\/wp-content\/uploads\/2018\/10\/Screenshot-2018-10-03-20.48.42.png\"><img loading=\"lazy\" decoding=\"async\" class=\"alignnone size-medium wp-image-1284\" src=\"http:\/\/monika-reinhart.de\/wp-content\/uploads\/2018\/10\/Screenshot-2018-10-03-20.48.42-300x143.png\" alt=\"\" width=\"300\" height=\"143\" srcset=\"https:\/\/monika-reinhart.de\/wp-content\/uploads\/2018\/10\/Screenshot-2018-10-03-20.48.42-300x143.png 300w, https:\/\/monika-reinhart.de\/wp-content\/uploads\/2018\/10\/Screenshot-2018-10-03-20.48.42-768x367.png 768w, https:\/\/monika-reinhart.de\/wp-content\/uploads\/2018\/10\/Screenshot-2018-10-03-20.48.42-624x298.png 624w, https:\/\/monika-reinhart.de\/wp-content\/uploads\/2018\/10\/Screenshot-2018-10-03-20.48.42.png 998w\" sizes=\"(max-width: 300px) 100vw, 300px\" \/><\/a><\/div>\n<\/div>\n<\/div>\n<p>&nbsp;<\/p>\n<div>\n<div>\n<div><strong>38. Round Table Kunstauktion &#8222;Kinder helfen Kindern&#8220;<\/strong><\/div>\n<div>25. Oktober 2018&nbsp; &#8222;Reithalle&#8220;<\/div>\n<div>He\u00dfstra\u00dfe 132, 80797 M\u00fcnchen<\/div>\n<div>\n<p>&nbsp;<\/p>\n<\/div>\n<\/div>\n<div>&nbsp;<\/div>\n<div><strong>KVB<br \/>\n<\/strong><\/div>\n<div>05. Juli &#8211; 20. September 2018<\/div>\n<div>Foyer im 5.OG<\/div>\n<div>Elsenheimerstr. 39, 80687 M\u00fcnchen<\/div>\n<\/div>\n<div>&nbsp;<\/div>\n<\/div>\n<div>&nbsp;<\/div>\n<div>\n<div>&nbsp;<\/div>\n<div><strong>KUNSTMESSE INGOLSTADT<\/strong><\/div>\n<\/div>\n<div>08. &#8211; 10. Juni 2018<\/div>\n<div>Klenzepark, Ingolstadt<\/div>\n<div>www.kunstmesse-ingolstadt.de<\/div>\n<p>&nbsp;<\/p>\n<p><strong>ARTMUC 2018<br \/>\nKunstmesse M\u00fcnchen<\/strong><br \/>\n10. &#8211; 13. Mai 2018 Praterinsel und Isarforum am Deutschen Museum<\/p>\n<p>&nbsp;<\/p>\n<p><strong>Foyer des Max-Planck-Institut f\u00fcr Biochemie<\/strong><br \/>\n<strong>Monika Reinhart, Malerei<\/strong><br \/>\n30. August bis 13. Oktober 2017<br \/>\nMax-Planck-Institut f\u00fcr Biochemie<br \/>\nAm Klopferspitz 18, 82152 Martinsried<\/p>\n<p>&nbsp;<\/p>\n<p><strong>KUNST AKTUELL<\/strong><br \/>\nJahresausstellung<br \/>\n3. Juni bis 16. Juli 2017<br \/>\nSt\u00e4dtische Galerie Rosenheim<\/p>\n<p>&nbsp;<\/p>\n<p><strong>raum03&nbsp; M\u00fchldorf<\/strong><br \/>\n<strong>&#8222;take three&#8220;<br \/>\n<\/strong>Agelinde Scholl, Fotografie<br \/>\nManfred Baumgartner, Zeichnung<br \/>\nMonika Reinhart, Malerei<br \/>\n08.&nbsp; bis 30. Juni 2017<br \/>\nStadtplatz 36, 84453 M\u00fchldorf<\/p>\n<p>&nbsp;<\/p>\n<p><strong>ARTMUC 2017<\/strong><br \/>\nKunstmesse M\u00fcnchen<br \/>\n25. bis 28. Mai 2017&nbsp; Praterinsel, M\u00fcnchen.<\/p>\n<p>&nbsp;<\/p>\n<p><strong>raum03 M\u00fchldorf<\/strong><br \/>\n<strong>&#8222;take one&#8220; <\/strong><br \/>\n07.&nbsp; bis 28. April bis&nbsp; 2017<br \/>\nStadtplatz 36, 84453 M\u00fchldorf<\/p>\n<p>&nbsp;<\/p>\n<p><strong>Foyer des Bayerischen Verwaltungsgerichtshof M\u00fcnchen<\/strong><br \/>\n<strong>Farbsolo<\/strong><br \/>\n16. Januar bis 22. M\u00e4rz 2017<br \/>\nLudwigstr. 23, M\u00fcnchen<\/p>\n<p>&nbsp;<\/p>\n<p><strong><span style=\"text-decoration: underline;\">streitfeld<\/span><\/strong> offen<br \/>\n14. bis 16. Oktober 2016<br \/>\n<img decoding=\"async\" src=\"http:\/\/monika-reinhart.de\/wp-content\/gallery\/flyer\/Screenshot-2016-09-28-20.25.31.png\"><\/p>\n<p><strong><span style=\"font-size: 10pt;\">&nbsp;<\/span><\/strong><\/p>\n<p><strong><span style=\"font-size: 10pt;\">Galerie Ute Sylvester<\/span><\/strong><br \/>\n<strong><span style=\"font-size: 10pt;\">Neue Arbeiten, Malerei<\/span><\/strong><br \/>\n<span style=\"font-size: 10pt;\">Monika Reinhart<\/span><br \/>\n<span style=\"font-size: 10pt;\">01. Juni bis 31. August 2016<\/span><br \/>\n<span style=\"font-size: 10pt;\">Karl-Theodorstr.33, 80803 M\u00fcnchen | www.kunst-im-rahmen.com<\/span><\/p>\n<p>&nbsp;<\/p>\n<p><strong><span style=\"font-size: 12pt;\">KUNST AKTUELL<\/span><\/strong><br \/>\n<span style=\"font-size: 12pt;\">Jahresausstellung<\/span><br \/>\n<span style=\"font-family: Verdana,sans-serif;\"><span style=\"font-size: small;\">01. Juli bis 07. August 2016<\/span><\/span><br \/>\n<span style=\"font-family: Verdana,sans-serif;\"><span style=\"font-size: small;\">St\u00e4dtische Galerie Rosenheim<\/span><\/span><br \/>\nwww.kunstverein-rosenheim.de<\/p>\n<p>&nbsp;<\/p>\n<p><strong><span style=\"font-size: 10pt;\">Jahresausstellung 2016 Kunstverein Ebersberg e.V.<\/span><\/strong><br \/>\n6<span style=\"font-size: 10pt;\">. M\u00e4rz bis 3. April 2016<\/span><br \/>\n<span style=\"font-size: 10pt;\">Galerie alte Brennerei<\/span><br \/>\n<span style=\"font-size: 10pt;\">im Klosterbauhof 6, 85560 Ebersberg<\/span><\/p>\n<p>&nbsp;<\/p>\n<p><strong><span style=\"font-size: 10pt;\">Sonntags\u00f6ffnung Atelier streitfeld<\/span><\/strong><br \/>\n<span style=\"font-size: 10pt;\">15. \/22. \/29. November 2015<\/span><br \/>\nStreitfeldstr. 33 VGB 2.OG<br \/>\n81673 M\u00fcnchen<br \/>\n<small><br \/>\n<\/small><\/p>\n<p><strong><span style=\"font-size: 10pt;\">raum02<\/span><\/strong><br \/>\n<strong>Monika Reinhart, Malerei und Zeichnung<\/strong><br \/>\n<span style=\"font-size: 10pt;\">4. &#8211;&nbsp; 25. September 2015<\/span><br \/>\n<span style=\"font-size: 10pt;\">Lesung Helker Pflug<\/span><br \/>\n<span style=\"font-size: 10pt;\">Wei\u00dfgerberstr. 11, 84453 M\u00fchldorf <\/span><\/p>\n<p>&nbsp;<\/p>\n<p><strong><span style=\"font-size: 10pt;\">Gro\u00dfe Kunstausstellung AK68 2015<\/span><\/strong><br \/>\n<span style=\"font-size: 10pt;\">26.Juli&nbsp; \u2013 23.August 2015<br \/>\nRathaus und Galerie im Ganserhaus <\/span><br \/>\n<span style=\"font-size: 10pt;\">Schmidzeile 8, Wasserburg am Inn<\/span><\/p>\n<p>&nbsp;<\/p>\n<p><strong><span style=\"font-size: 10pt;\"><span style=\"text-decoration: underline;\">streitfeld<\/span> offen 2015<\/span><\/strong><br \/>\n<span style=\"font-size: 10pt;\">19. &#8211; 21. Juni 2015<br \/>\nZeitgen\u00f6ssische Kunst, Performance, Design, Film, Musik und Wort<\/span><br \/>\n<span style=\"font-size: 10pt;\">Streitfeldstr. 33, M\u00fcnchen<br \/>\nwww.streitfeld.net<\/span><\/p>\n<p>&nbsp;<\/p>\n<p><strong><span style=\"font-size: 10pt;\">OBACHT! Kultur im Quartier Haidhausen 2015<\/span><\/strong><br \/>\n<span style=\"font-family: Verdana,sans-serif;\"><span style=\"font-size: small;\">11. &#8211; 14. Juni 2015<\/span><\/span><\/p>\n<p><span style=\"font-size: 10pt;\">&nbsp;<\/span><\/p>\n<p><strong><span style=\"font-size: 10pt;\">Jahresausstellung 2015 Kunstverein Ebersberg e.V.<\/span><\/strong><br \/>\n<span style=\"font-size: 10pt;\">8. M\u00e4rz bis 6. April 2015<\/span><br \/>\n<span style=\"font-size: 10pt;\">Galerie alte Brennerei<\/span><br \/>\n<span style=\"font-size: 10pt;\">im Klosterbauhof 6, 85560 Ebersberg<\/span><\/p>\n<p>&nbsp;<\/p>\n<p><strong><span style=\"font-size: 10pt;\">Produzentengalerie Landshut<\/span><\/strong><br \/>\n<strong><span style=\"font-size: 10pt;\">Monika Reinhart<\/span><\/strong><span style=\"font-size: 10pt;\">, Malerei<\/span><br \/>\n<strong><span style=\"font-size: 10pt;\">Mignon Dobler<\/span><\/strong><span style=\"font-size: 10pt;\">, Skulptur<\/span><br \/>\n<span style=\"font-size: 10pt;\">Seeligenthaler Str. 22,&nbsp; 84034 Landshut<\/span><\/p>\n<p>&nbsp;<\/p>\n<p><span style=\"font-size: 10pt;\"><strong>Kulturzentrum UBO9<\/strong><br \/>\n<strong>33 nach 9<\/strong><\/span><br \/>\n<span style=\"font-size: 10pt;\">Andreas Stetka, Monika Reinhart, David John Flynn<br \/>\n27. September -12. Oktober 2014<\/span><br \/>\n<span style=\"font-size: 10pt;\"> Einf\u00fchrung Frederic Singer<\/span><br \/>\n<span style=\"font-size: 10pt;\">Ubostra\u00dfe 9, 81245 M\u00fcnchen Aubing<\/span><\/p>\n<p>&nbsp;<\/p>\n<p><strong><span style=\"font-size: 10pt;\">Kunstsalon 2014<\/span><\/strong><br \/>\n<strong><span style=\"font-size: 10pt;\"> LICHT UND SCHATTEN<\/span><\/strong><br \/>\n<span style=\"font-size: 10pt;\"> 25. September &#8211; 12. Oktober 2014<\/span><br \/>\n<span style=\"font-size: 10pt;\">\u00c4gyptisches Museum, Kunstareal <\/span><br \/>\n<span style=\"font-size: 10pt;\">Gabelsbergerstr. 35, M\u00fcnchen <\/span><\/p>\n<p>&nbsp;<\/p>\n<p><strong><span style=\"font-size: 10pt;\">Reinhart+Liese<\/span><\/strong><br \/>\n<span style=\"font-size: 10pt;\">Monika Reinhart, <\/span><span style=\"font-size: 10pt;\">Rolf Liese<\/span><br \/>\n<span style=\"font-size: 10pt;\">11. Juni &#8211; 25. September 2014<\/span><br \/>\n<span style=\"font-size: 10pt;\">Galerie im Landesamt f\u00fcr Digitalisierung, Breitband und Vermessung<\/span><br \/>\n<span style=\"font-size: 10pt;\">Alexandrastr. 4 , 80538 M\u00fcnchen<br \/>\n<\/span><br \/>\n<span style=\"font-size: 10pt;\"><strong>&nbsp;<\/strong><\/span><\/p>\n<p><span style=\"font-size: 10pt;\"><strong>Streitfeld offen 2014<\/strong><br \/>\noffene Ateliers, Werkst\u00e4tten, Jazz im Foyer, Kino open air<br \/>\nzeitgen\u00f6ssische Kunst, Performance, Design, Musik und Wort<\/span><br \/>\n<span style=\"font-size: 10pt;\">23.\/24.\/25. Mai 2014 <\/span><br \/>\n<span style=\"font-size: 10pt;\">Streitfeldstr. 33, 81673 M\u00fcnchen<br \/>\n<\/span><\/p>\n<p>&nbsp;<\/p>\n<p><strong>Galerie Ute Sylvester<\/strong><br \/>\n<strong><span style=\"font-size: 10pt;\">Neue Arbeiten<\/span><\/strong><br \/>\n<span style=\"font-size: 10pt;\">Monika Reinhart<\/span><br \/>\n<span style=\"font-size: 10pt;\">4. April bis 7. Juni 2014<\/span><br \/>\n<span style=\"font-size: 10pt;\">Kunst im Rahmen<\/span><br \/>\n<span style=\"font-size: 10pt;\">Karl-Theodorstr.33, 80803 M\u00fcnchen<\/span><\/p>\n<p>&nbsp;<\/p>\n<p><strong><span style=\"font-size: 10pt;\">Jahresausstellung 2014 Kunstverein Ebersberg e.V.<\/span><\/strong><br \/>\n<span style=\"font-size: 10pt;\">9. M\u00e4rz bis 6. April 2014<\/span><br \/>\n<span style=\"font-size: 10pt;\">Galerie alte Brennerei<\/span><br \/>\n<span style=\"font-size: 10pt;\">im Klosterbauhof 6, 85560 Ebersberg<\/span><\/p>\n<p>&nbsp;<\/p>\n<p>&nbsp;<\/p>\n<p>&nbsp;<\/p>\n","protected":false},"excerpt":{"rendered":"<p>Overlaps Monika Reinhart, Malerei 21. Januar bis 9. M\u00e4rz 2024 Galerie auf Abruf Helker Pflug Alt-Lankwitz 34a I 12247 Berlin-Lankwitz helker.pflug@web.de I 0175 &#8211; 7930884 &nbsp; &nbsp; 42. Round Table Kunstauktion Mittwoch, 07. November 2023 Kohlebunker, Am Ausbesserungswerk 4, 80939 M\u00fcnchen &nbsp; &nbsp; ARTMUC 2023 27. bis 29. Oktober 2023 MTC Locations, Ingolst\u00e4dterstr. 45, M\u00fcnchen&nbsp;&nbsp; [&hellip;]<\/p>\n","protected":false},"author":1,"featured_media":0,"parent":0,"menu_order":0,"comment_status":"closed","ping_status":"closed","template":"","meta":{"ngg_post_thumbnail":0,"footnotes":""},"_links":{"self":[{"href":"https:\/\/monika-reinhart.de\/index.php?rest_route=\/wp\/v2\/pages\/6"}],"collection":[{"href":"https:\/\/monika-reinhart.de\/index.php?rest_route=\/wp\/v2\/pages"}],"about":[{"href":"https:\/\/monika-reinhart.de\/index.php?rest_route=\/wp\/v2\/types\/page"}],"author":[{"embeddable":true,"href":"https:\/\/monika-reinhart.de\/index.php?rest_route=\/wp\/v2\/users\/1"}],"replies":[{"embeddable":true,"href":"https:\/\/monika-reinhart.de\/index.php?rest_route=%2Fwp%2Fv2%2Fcomments&post=6"}],"version-history":[{"count":71,"href":"https:\/\/monika-reinhart.de\/index.php?rest_route=\/wp\/v2\/pages\/6\/revisions"}],"predecessor-version":[{"id":1994,"href":"https:\/\/monika-reinhart.de\/index.php?rest_route=\/wp\/v2\/pages\/6\/revisions\/1994"}],"wp:attachment":[{"href":"https:\/\/monika-reinhart.de\/index.php?rest_route=%2Fwp%2Fv2%2Fmedia&parent=6"}],"curies":[{"name":"wp","href":"https:\/\/api.w.org\/{rel}","templated":true}]}}