{"id":292,"date":"2014-12-15T20:21:19","date_gmt":"2014-12-15T20:21:19","guid":{"rendered":"http:\/\/monika-reinhart.de\/?page_id=292"},"modified":"2024-02-02T20:43:09","modified_gmt":"2024-02-02T20:43:09","slug":"hallo-welt","status":"publish","type":"page","link":"https:\/\/monika-reinhart.de\/","title":{"rendered":"HOME"},"content":{"rendered":"<p><iframe loading=\"lazy\" title=\"FARBSOLO  Die Malerin Monika Reinhart\" width=\"625\" height=\"352\" src=\"https:\/\/www.youtube.com\/embed\/-zD1q6OGXyA?feature=oembed\" frameborder=\"0\" allow=\"accelerometer; autoplay; clipboard-write; encrypted-media; gyroscope; picture-in-picture; web-share\" referrerpolicy=\"strict-origin-when-cross-origin\" allowfullscreen><\/iframe><\/p>\n<p>Der Film zeigt einen Ausschnitt meiner Arbeit im Atelier, beleuchtet Impulse und Hintergr\u00fcnde meiner Malerei und gibt einen kleinen Einblick in mein Leben als Malerin.<br \/>\nFilm und Regie Wolfgang Lanzenberger, Schnitt Danny Friedrich.<br \/>\nM\u00fcnchen 2016<\/p>\n<p><iframe loading=\"lazy\" title=\"Ausstellung sichtbar unsichtbar\" width=\"625\" height=\"352\" src=\"https:\/\/www.youtube.com\/embed\/VdhjticSaUc?feature=oembed\" frameborder=\"0\" allow=\"accelerometer; autoplay; clipboard-write; encrypted-media; gyroscope; picture-in-picture; web-share\" referrerpolicy=\"strict-origin-when-cross-origin\" allowfullscreen><\/iframe><\/p>\n<p>Filmbeitrag zur Ausstellung &#8217;sichtbar &#8211; unsichtbar&#8216; Kulturwerkstatt HAUS 10, Nicole Frenzel I Skulptur, Anne Guillin I Fotografie, Monika Reinhart I Malerei, 17.6. &#8211; 2.7.2023&nbsp;&nbsp;&nbsp; Kloster F\u00fcrstenfeld, 82245 F\u00fcrstenfeldbruck. Film: J\u00fcgen Fritzsch-Schraud, M\u00fcnchen 2024 &nbsp; &nbsp; &nbsp; &nbsp; &nbsp; &nbsp; &nbsp; &nbsp; &nbsp; &nbsp; &nbsp; &nbsp; &nbsp; &nbsp; &nbsp; &nbsp; &nbsp; &nbsp; &nbsp; &nbsp; &nbsp; &nbsp; &nbsp; &nbsp; &nbsp; &nbsp; &nbsp; &nbsp; &nbsp; &nbsp; &nbsp; &nbsp; &nbsp; &nbsp;<\/p>\n<p><a href=\"https:\/\/www.rfo.de\/mediathek\/video\/mit-augenmass-arbeiten-in-burghausen\/\">https:\/\/www.rfo.de\/mediathek\/video\/mit-augenmass-arbeiten-in-burghausen\/<\/a><\/p>\n<p>Filmbeitrag des rfo zur Ausstellung &#8218;Augenma\u00df&#8216; mit Nicole Frenzel und Anne Guillin, September 2019, DIE BURG, Burghausen<\/p>\n","protected":false},"excerpt":{"rendered":"<p>Der Film zeigt einen Ausschnitt meiner Arbeit im Atelier, beleuchtet Impulse und Hintergr\u00fcnde meiner Malerei und gibt einen kleinen Einblick in mein Leben als Malerin. Film und Regie Wolfgang Lanzenberger, Schnitt Danny Friedrich. M\u00fcnchen 2016 Filmbeitrag zur Ausstellung &#8217;sichtbar &#8211; unsichtbar&#8216; Kulturwerkstatt HAUS 10, Nicole Frenzel I Skulptur, Anne Guillin I Fotografie, Monika Reinhart I [&hellip;]<\/p>\n","protected":false},"author":1,"featured_media":0,"parent":0,"menu_order":1,"comment_status":"closed","ping_status":"closed","template":"","meta":{"ngg_post_thumbnail":0,"footnotes":""},"_links":{"self":[{"href":"https:\/\/monika-reinhart.de\/index.php?rest_route=\/wp\/v2\/pages\/292"}],"collection":[{"href":"https:\/\/monika-reinhart.de\/index.php?rest_route=\/wp\/v2\/pages"}],"about":[{"href":"https:\/\/monika-reinhart.de\/index.php?rest_route=\/wp\/v2\/types\/page"}],"author":[{"embeddable":true,"href":"https:\/\/monika-reinhart.de\/index.php?rest_route=\/wp\/v2\/users\/1"}],"replies":[{"embeddable":true,"href":"https:\/\/monika-reinhart.de\/index.php?rest_route=%2Fwp%2Fv2%2Fcomments&post=292"}],"version-history":[{"count":33,"href":"https:\/\/monika-reinhart.de\/index.php?rest_route=\/wp\/v2\/pages\/292\/revisions"}],"predecessor-version":[{"id":1984,"href":"https:\/\/monika-reinhart.de\/index.php?rest_route=\/wp\/v2\/pages\/292\/revisions\/1984"}],"wp:attachment":[{"href":"https:\/\/monika-reinhart.de\/index.php?rest_route=%2Fwp%2Fv2%2Fmedia&parent=292"}],"curies":[{"name":"wp","href":"https:\/\/api.w.org\/{rel}","templated":true}]}}