{"id":2,"date":"2014-09-05T04:41:07","date_gmt":"2014-09-05T04:41:07","guid":{"rendered":"http:\/\/localhost\/wordpress-4.0\/wordpress\/?page_id=2"},"modified":"2024-02-02T20:11:34","modified_gmt":"2024-02-02T20:11:34","slug":"sample-page","status":"publish","type":"page","link":"https:\/\/monika-reinhart.de\/?page_id=2","title":{"rendered":"vita"},"content":{"rendered":"\n<p>1965\u00a0\u00a0\u00a0\u00a0\u00a0\u00a0\u00a0\u00a0\u00a0\u00a0\u00a0\u00a0\u00a0\u00a0\u00a0\u00a0 geboren in Wasserburg a. Inn<br>2006\u00a0\u00a0\u00a0\u00a0\u00a0\u00a0\u00a0\u00a0\u00a0\u00a0\u00a0\u00a0\u00a0\u00a0\u00a0\u00a0 Kurs Lithograpie bei Renate Moran<br>2006 &#8211; 2012\u00a0 \u00a0   k\u00fcnstlerische Ausbildung, u.a. bei Rolf Liese und Prof. Jerry Zeniuk\u00a0\u00a0\u00a0\u00a0\u00a0\u00a0\u00a0\u00a0\u00a0\u00a0\u00a0<\/p>\n\n\n\n<p>Mitglied des BBK M\u00fcnchen, AK68 Wasserburg, K\u00fcnstlerverbund im Haus der Kunst, M\u00fcnchen. Gr\u00fcndungsmitglied von raum02, einer Plattform f\u00fcr zeitgen\u00f6ssische Kunst in M\u00fchldorf a. Inn.<br>lebt und arbeitet seit 2012 in M\u00fcnchen, Atelierhaus streitfeld<\/p>\n\n\n\n<p>Bei\nder Malerin Monika Reinhart steht die Farbe im Mittelpunkt ihrer\nArbeit. Durch\ndie Schichtung von lasierenden Farbfl\u00e4chen arbeitet\nsie feinste Farbdifferenzierungen\nheraus. Sie kombiniert und variiert sanfte und kr\u00e4ftige Farbt\u00f6ne,\n\u00fcberlagert und verschiebt farbige Fl\u00e4chen und Formelemente auf dem\nBildtr\u00e4ger und erzeugt damit einen besonderen Farbkanon.<\/p>\n\n\n\n<p> \u201e..Ein luftiges Spiel, keine k\u00f6rperhafte Farbe, mit Spachtel oder dickem Pinsel pastos auf die Leinwand gesetzt und plastisch pr\u00e4sent, sondern Farbe in schwebenden Klangsph\u00e4ren, scheinbar k\u00f6rperlos. Farbe legt sich wie ein Hauch aufeinander und wie Schleier umh\u00fcllen die Lasuren einander und geben Geheimnisse ihres Leuchtens, ihres Klangs, kann ich sagen: \u201eihres Dufts\u201c? Preis. Monika Reinhart ist im Gespr\u00e4ch mit der Farbe. Sie stellt der Farbe Fragen und so ergibt sich im Verlauf des Gespr\u00e4chs ein sanftes Spiel von Fragen und Antworten zu beiderseitigem Erstaunen, denn die Farbe selbst scheint manchmal verwundert, wenn offengelegt wird, welche M\u00f6glichkeiten in ihr stecken. Es ist \u00fcberdies ein Gespr\u00e4ch mit dem Licht. Farben sind Kinder des Lichts, entstanden aus seiner Zerlegung, in der sich der Raum der Farben er\u00f6ffnet und ausbreitet.\nIn\nMonika Reinharts Bildern sind die Farben emanzipiert, befreit von der\nBeschreibung der Form, der Struktur, sie sind in keinster Weise dem\nAbbild verpflichtet; sie agieren selbst, treten zu Gruppen zusammen,\nlassen Formen entstehen, Rhythmen, R\u00e4ume.\u201c \n<\/p>\n\n\n\n<p>\n(Manfred\nBaumgartner, 2019) \n<\/p>\n","protected":false},"excerpt":{"rendered":"<p>1965\u00a0\u00a0\u00a0\u00a0\u00a0\u00a0\u00a0\u00a0\u00a0\u00a0\u00a0\u00a0\u00a0\u00a0\u00a0\u00a0 geboren in Wasserburg a. Inn2006\u00a0\u00a0\u00a0\u00a0\u00a0\u00a0\u00a0\u00a0\u00a0\u00a0\u00a0\u00a0\u00a0\u00a0\u00a0\u00a0 Kurs Lithograpie bei Renate Moran2006 &#8211; 2012\u00a0 \u00a0 k\u00fcnstlerische Ausbildung, u.a. bei Rolf Liese und Prof. Jerry Zeniuk\u00a0\u00a0\u00a0\u00a0\u00a0\u00a0\u00a0\u00a0\u00a0\u00a0\u00a0 Mitglied des BBK M\u00fcnchen, AK68 Wasserburg, K\u00fcnstlerverbund im Haus der Kunst, M\u00fcnchen. Gr\u00fcndungsmitglied von raum02, einer Plattform f\u00fcr zeitgen\u00f6ssische Kunst in M\u00fchldorf a. Inn.lebt und arbeitet seit 2012 in M\u00fcnchen, Atelierhaus [&hellip;]<\/p>\n","protected":false},"author":1,"featured_media":0,"parent":0,"menu_order":0,"comment_status":"closed","ping_status":"closed","template":"","meta":{"ngg_post_thumbnail":0,"footnotes":""},"_links":{"self":[{"href":"https:\/\/monika-reinhart.de\/index.php?rest_route=\/wp\/v2\/pages\/2"}],"collection":[{"href":"https:\/\/monika-reinhart.de\/index.php?rest_route=\/wp\/v2\/pages"}],"about":[{"href":"https:\/\/monika-reinhart.de\/index.php?rest_route=\/wp\/v2\/types\/page"}],"author":[{"embeddable":true,"href":"https:\/\/monika-reinhart.de\/index.php?rest_route=\/wp\/v2\/users\/1"}],"replies":[{"embeddable":true,"href":"https:\/\/monika-reinhart.de\/index.php?rest_route=%2Fwp%2Fv2%2Fcomments&post=2"}],"version-history":[{"count":78,"href":"https:\/\/monika-reinhart.de\/index.php?rest_route=\/wp\/v2\/pages\/2\/revisions"}],"predecessor-version":[{"id":1977,"href":"https:\/\/monika-reinhart.de\/index.php?rest_route=\/wp\/v2\/pages\/2\/revisions\/1977"}],"wp:attachment":[{"href":"https:\/\/monika-reinhart.de\/index.php?rest_route=%2Fwp%2Fv2%2Fmedia&parent=2"}],"curies":[{"name":"wp","href":"https:\/\/api.w.org\/{rel}","templated":true}]}}